{"id":1623,"date":"2021-11-16T17:43:20","date_gmt":"2021-11-16T15:43:20","guid":{"rendered":"https:\/\/voelkel.ispdev01.compradev.de\/?page_id=1623"},"modified":"2021-11-16T17:43:20","modified_gmt":"2021-11-16T15:43:20","slug":"terms-and-conditions","status":"publish","type":"page","link":"https:\/\/www.voelkel-incoming.de\/en\/terms-and-conditions\/","title":{"rendered":"Terms and Conditions"},"content":{"rendered":"<h3>AGB<\/h3>\n<p>siehe <a href=\"\/wp-content\/uploads\/2021\/06\/AGBs-deutsch.pdf\" target=\"_blank\" rel=\"noreferrer noopener nofollow\">AGB deutsch<\/a> und <a href=\"\/wp-content\/uploads\/2021\/06\/AGBs-englisch.pdf\" target=\"_blank\" rel=\"noopener\">AGB englisch<\/a><\/p>\n\r\n\r\n<hr class=\"wp-block-separator\" \/>\r\n\r\n\r\n<p>&nbsp;<\/p>\r\n\r\n\r\n<hr class=\"wp-block-separator\" \/>\r\n\r\n\r\n<div style=\"word-wrap: break-word;\">\r\n\r\n<h4>Angaben gem\u00e4\u00df \u00a7 5 TMG<\/h4>\r\n<p>V\u00d6LKEL INCOMING <br \/>\r\nTravel & Destination Management<br \/>\r\nInh. Renate V\u00f6lkel-Hanne<br \/>\r\nSteinstr. 15<br \/>\r\n31157 Sarstedt<\/p>\r\n\r\n<h6>Kontakt<\/h6>\r\n<p>Telefon: +49 5066 7000-0<br \/>\r\nTelefax: +49 5066 7000-84<br \/>\r\nE-Mail: info@voelkel-incoming.de<\/p>\r\n\r\n<h6>Umsatzsteuer-ID<\/h6>\r\n<p>Umsatzsteuer-Identifikationsnummer gem\u00e4\u00df \u00a7 27 a Umsatzsteuergesetz:<br \/>\r\nDE 115955117<\/p>\r\n\r\n<h6>Redaktionell Verantwortlicher<\/h6>\r\n<p>Renate V\u00f6lkel-Hanne<br \/>\r\nSteinstr. 15<br \/>\r\n31157 Sarstedt<\/p>\r\n\r\n<h6>EU-Streitschlichtung<\/h6>\r\n<p>Die Europ\u00e4ische Kommission stellt eine Plattform zur Online-Streitbeilegung (OS) bereit: <a href=\"https:\/\/ec.europa.eu\/consumers\/odr\" target=\"_blank\" rel=\"noopener noreferrer\">https:\/\/ec.europa.eu\/consumers\/odr<\/a>.<br \/> Unsere E-Mail-Adresse finden Sie oben im Impressum.<\/p>\r\n\r\n<h6>Verbraucher\u00adstreit\u00adbeilegung\/Universal\u00adschlichtungs\u00adstelle<\/h6>\r\n<p>Wir sind nicht bereit oder verpflichtet, an Streitbeilegungsverfahren vor einer Verbraucherschlichtungsstelle teilzunehmen.<\/p>\r\n\r\n<h6>Haftung f\u00fcr Inhalte<\/h6> <p>Als Diensteanbieter sind wir gem\u00e4\u00df \u00a7 7 Abs.1 TMG f\u00fcr eigene Inhalte auf diesen Seiten nach den allgemeinen Gesetzen verantwortlich. Nach \u00a7\u00a7 8 bis 10 TMG sind wir als Diensteanbieter jedoch nicht verpflichtet, \u00fcbermittelte oder gespeicherte fremde Informationen zu \u00fcberwachen oder nach Umst\u00e4nden zu forschen, die auf eine rechtswidrige T\u00e4tigkeit hinweisen.<\/p> <p>Verpflichtungen zur Entfernung oder Sperrung der Nutzung von Informationen nach den allgemeinen Gesetzen bleiben hiervon unber\u00fchrt. Eine diesbez\u00fcgliche Haftung ist jedoch erst ab dem Zeitpunkt der Kenntnis einer konkreten Rechtsverletzung m\u00f6glich. Bei Bekanntwerden von entsprechenden Rechtsverletzungen werden wir diese Inhalte umgehend entfernen.<\/p> <h6>Haftung f\u00fcr Links<\/h6> <p>Unser Angebot enth\u00e4lt Links zu externen Websites Dritter, auf deren Inhalte wir keinen Einfluss haben. Deshalb k\u00f6nnen wir f\u00fcr diese fremden Inhalte auch keine Gew\u00e4hr \u00fcbernehmen. F\u00fcr die Inhalte der verlinkten Seiten ist stets der jeweilige Anbieter oder Betreiber der Seiten verantwortlich. Die verlinkten Seiten wurden zum Zeitpunkt der Verlinkung auf m\u00f6gliche Rechtsverst\u00f6\u00dfe \u00fcberpr\u00fcft. Rechtswidrige Inhalte waren zum Zeitpunkt der Verlinkung nicht erkennbar.<\/p> <p>Eine permanente inhaltliche Kontrolle der verlinkten Seiten ist jedoch ohne konkrete Anhaltspunkte einer Rechtsverletzung nicht zumutbar. Bei Bekanntwerden von Rechtsverletzungen werden wir derartige Links umgehend entfernen.<\/p> <h6>Urheberrecht<\/h6> <p>Die durch die Seitenbetreiber erstellten Inhalte und Werke auf diesen Seiten unterliegen dem deutschen Urheberrecht. Die Vervielf\u00e4ltigung, Bearbeitung, Verbreitung und jede Art der Verwertung au\u00dferhalb der Grenzen des Urheberrechtes bed\u00fcrfen der schriftlichen Zustimmung des jeweiligen Autors bzw. Erstellers. Downloads und Kopien dieser Seite sind nur f\u00fcr den privaten, nicht kommerziellen Gebrauch gestattet.<\/p> <p>Soweit die Inhalte auf dieser Seite nicht vom Betreiber erstellt wurden, werden die Urheberrechte Dritter beachtet. Insbesondere werden Inhalte Dritter als solche gekennzeichnet. Sollten Sie trotzdem auf eine Urheberrechtsverletzung aufmerksam werden, bitten wir um einen entsprechenden Hinweis. Bei Bekanntwerden von Rechtsverletzungen werden wir derartige Inhalte umgehend entfernen.<\/p><\/div>\r\n<p>Quelle: <a href=\"https:\/\/www.e-recht24.de\" target=\"_blank\" rel=\"noreferrer noopener\">e-recht24.de<\/a><\/p>\r\n","protected":false},"excerpt":{"rendered":"<p>&nbsp; Quelle: e-recht24.de<\/p>\n","protected":false},"author":7,"featured_media":0,"parent":0,"menu_order":130,"comment_status":"closed","ping_status":"closed","template":"","meta":{"inline_featured_image":false},"yoast_head":"<!-- This site is optimized with the Yoast SEO plugin v19.5.1 - https:\/\/yoast.com\/wordpress\/plugins\/seo\/ -->\n<title>Terms and Conditions - V\u00d6LKEL INCOMING<\/title>\n<meta name=\"robots\" content=\"index, follow, max-snippet:-1, max-image-preview:large, max-video-preview:-1\" \/>\n<link rel=\"canonical\" href=\"https:\/\/www.voelkel-incoming.de\/en\/terms-and-conditions\/\" \/>\n<meta property=\"og:locale\" content=\"en_US\" \/>\n<meta property=\"og:type\" content=\"article\" \/>\n<meta property=\"og:title\" content=\"Terms and Conditions - V\u00d6LKEL INCOMING\" \/>\n<meta property=\"og:description\" content=\"&nbsp; Quelle: e-recht24.de\" \/>\n<meta property=\"og:url\" content=\"https:\/\/www.voelkel-incoming.de\/en\/terms-and-conditions\/\" \/>\n<meta property=\"og:site_name\" content=\"V\u00d6LKEL INCOMING\" \/>\n<meta name=\"twitter:card\" content=\"summary_large_image\" \/>\n<meta name=\"twitter:label1\" content=\"Est. reading time\" \/>\n\t<meta name=\"twitter:data1\" content=\"1 minute\" \/>\n<script type=\"application\/ld+json\" class=\"yoast-schema-graph\">{\"@context\":\"https:\/\/schema.org\",\"@graph\":[{\"@type\":\"WebPage\",\"@id\":\"https:\/\/www.voelkel-incoming.de\/en\/terms-and-conditions\/\",\"url\":\"https:\/\/www.voelkel-incoming.de\/en\/terms-and-conditions\/\",\"name\":\"Terms and Conditions - V\u00d6LKEL INCOMING\",\"isPartOf\":{\"@id\":\"https:\/\/www.voelkel-incoming.de\/#website\"},\"datePublished\":\"2021-11-16T15:43:20+00:00\",\"dateModified\":\"2021-11-16T15:43:20+00:00\",\"breadcrumb\":{\"@id\":\"https:\/\/www.voelkel-incoming.de\/en\/terms-and-conditions\/#breadcrumb\"},\"inLanguage\":\"en-US\",\"potentialAction\":[{\"@type\":\"ReadAction\",\"target\":[\"https:\/\/www.voelkel-incoming.de\/en\/terms-and-conditions\/\"]}]},{\"@type\":\"BreadcrumbList\",\"@id\":\"https:\/\/www.voelkel-incoming.de\/en\/terms-and-conditions\/#breadcrumb\",\"itemListElement\":[{\"@type\":\"ListItem\",\"position\":1,\"name\":\"Startseite\",\"item\":\"https:\/\/www.voelkel-incoming.de\/en\/\"},{\"@type\":\"ListItem\",\"position\":2,\"name\":\"Terms and Conditions\"}]},{\"@type\":\"WebSite\",\"@id\":\"https:\/\/www.voelkel-incoming.de\/#website\",\"url\":\"https:\/\/www.voelkel-incoming.de\/\",\"name\":\"V\u00d6LKEL INCOMING\",\"description\":\"Travel &amp; Destination Management\",\"potentialAction\":[{\"@type\":\"SearchAction\",\"target\":{\"@type\":\"EntryPoint\",\"urlTemplate\":\"https:\/\/www.voelkel-incoming.de\/?s={search_term_string}\"},\"query-input\":\"required name=search_term_string\"}],\"inLanguage\":\"en-US\"}]}<\/script>\n<!-- \/ Yoast SEO plugin. -->","yoast_head_json":{"title":"Terms and Conditions - V\u00d6LKEL INCOMING","robots":{"index":"index","follow":"follow","max-snippet":"max-snippet:-1","max-image-preview":"max-image-preview:large","max-video-preview":"max-video-preview:-1"},"canonical":"https:\/\/www.voelkel-incoming.de\/en\/terms-and-conditions\/","og_locale":"en_US","og_type":"article","og_title":"Terms and Conditions - V\u00d6LKEL INCOMING","og_description":"&nbsp; Quelle: e-recht24.de","og_url":"https:\/\/www.voelkel-incoming.de\/en\/terms-and-conditions\/","og_site_name":"V\u00d6LKEL INCOMING","twitter_card":"summary_large_image","twitter_misc":{"Est. reading time":"1 minute"},"schema":{"@context":"https:\/\/schema.org","@graph":[{"@type":"WebPage","@id":"https:\/\/www.voelkel-incoming.de\/en\/terms-and-conditions\/","url":"https:\/\/www.voelkel-incoming.de\/en\/terms-and-conditions\/","name":"Terms and Conditions - V\u00d6LKEL INCOMING","isPartOf":{"@id":"https:\/\/www.voelkel-incoming.de\/#website"},"datePublished":"2021-11-16T15:43:20+00:00","dateModified":"2021-11-16T15:43:20+00:00","breadcrumb":{"@id":"https:\/\/www.voelkel-incoming.de\/en\/terms-and-conditions\/#breadcrumb"},"inLanguage":"en-US","potentialAction":[{"@type":"ReadAction","target":["https:\/\/www.voelkel-incoming.de\/en\/terms-and-conditions\/"]}]},{"@type":"BreadcrumbList","@id":"https:\/\/www.voelkel-incoming.de\/en\/terms-and-conditions\/#breadcrumb","itemListElement":[{"@type":"ListItem","position":1,"name":"Startseite","item":"https:\/\/www.voelkel-incoming.de\/en\/"},{"@type":"ListItem","position":2,"name":"Terms and Conditions"}]},{"@type":"WebSite","@id":"https:\/\/www.voelkel-incoming.de\/#website","url":"https:\/\/www.voelkel-incoming.de\/","name":"V\u00d6LKEL INCOMING","description":"Travel &amp; Destination Management","potentialAction":[{"@type":"SearchAction","target":{"@type":"EntryPoint","urlTemplate":"https:\/\/www.voelkel-incoming.de\/?s={search_term_string}"},"query-input":"required name=search_term_string"}],"inLanguage":"en-US"}]}},"_links":{"self":[{"href":"https:\/\/www.voelkel-incoming.de\/en\/wp-json\/wp\/v2\/pages\/1623"}],"collection":[{"href":"https:\/\/www.voelkel-incoming.de\/en\/wp-json\/wp\/v2\/pages"}],"about":[{"href":"https:\/\/www.voelkel-incoming.de\/en\/wp-json\/wp\/v2\/types\/page"}],"author":[{"embeddable":true,"href":"https:\/\/www.voelkel-incoming.de\/en\/wp-json\/wp\/v2\/users\/7"}],"replies":[{"embeddable":true,"href":"https:\/\/www.voelkel-incoming.de\/en\/wp-json\/wp\/v2\/comments?post=1623"}],"version-history":[{"count":2,"href":"https:\/\/www.voelkel-incoming.de\/en\/wp-json\/wp\/v2\/pages\/1623\/revisions"}],"predecessor-version":[{"id":3072,"href":"https:\/\/www.voelkel-incoming.de\/en\/wp-json\/wp\/v2\/pages\/1623\/revisions\/3072"}],"wp:attachment":[{"href":"https:\/\/www.voelkel-incoming.de\/en\/wp-json\/wp\/v2\/media?parent=1623"}],"curies":[{"name":"wp","href":"https:\/\/api.w.org\/{rel}","templated":true}]}}