{"id":3018,"date":"2021-11-16T15:31:52","date_gmt":"2021-11-16T13:31:52","guid":{"rendered":"https:\/\/www.voelkel-incoming.de\/?page_id=3018"},"modified":"2021-11-16T16:30:30","modified_gmt":"2021-11-16T14:30:30","slug":"group-event-travel","status":"publish","type":"page","link":"https:\/\/www.voelkel-incoming.de\/en\/group-event-travel\/","title":{"rendered":"Group &#038; Event Travel"},"content":{"rendered":"<p>Als klassisches Reiseb\u00fcro sind wir erfolgreich seit 1971 sowohl mit der Ausarbeitung als auch der Vermittlung hochwertiger Reisen in weltweit attraktive Zielgebiete namhafter deutscher Reiseveranstalter t\u00e4tig, die wir \u00fcberwiegend selbst bereist haben.<\/p>\n<p>Wir arbeiten mit renommierten internationalen Airlines, Reedereien und Zielgebietsagenturen zusammen und bieten sowohl f\u00fcr Individualreisende als auch f\u00fcr Gruppen ausgefallene Arrangements an.<\/p>\n<p>Im Bereich Incoming-Tourismus erlebt Deutschland derzeit einen wahren Boom. Unter dem Einfluss aktueller Ereignisse arbeiten wir intensiv an der Zusammenstellung von <strong>Erdgebundenen Reisen, Nachhaltigem Reisen<\/strong>, besonderen Bahnreisen in Europa und weltweit.<\/p>\n<p>Und weil die Themen &#8220;<a href=\"https:\/\/www.voelkel-incoming.de\/festivals-konzerte\/kultur-im-laendlichen-raum\/\" target=\"_blank\" rel=\"noopener\">St\u00e4dte &amp; Kultur im L\u00e4ndlichen Raum<\/a>&#8221; sowie &#8220;<strong>Natur &amp; Erholung<\/strong>&#8221; aktuell so im Trend liegen, haben &#8220;<a href=\"https:\/\/www.voelkel-incoming.de\/festivals-konzerte\/schloesser-parks-gaerten\/\" target=\"_blank\" rel=\"noopener\">Schl\u00f6sser, Parks und G\u00e4rten<\/a>&#8220;, von denen wir in der Hannover-Region eine Menge zu bieten haben, einen besonderen Stellenwert bei der Auswahl des Reiselandes Deutschland, nicht nur f\u00fcr G\u00e4ste aus der ganzen Welt, die uns bei letzterem auf Platz 1 gew\u00e4hlt haben. .<\/p>\n<p>Vielleicht sind Sie auch auserkoren, den n\u00e4chsten Betriebsausflug oder die <a href=\"https:\/\/www.voelkel-incoming.de\/gruppen-eventreisen\/schueler-klassenfahrten\/\" target=\"_blank\" rel=\"noopener\">Sch\u00fcler-Klassenfahrt<\/a>, die <a href=\"https:\/\/www.voelkel-incoming.de\/individualreisen\/sport-aktiv-reisen\/\" target=\"_blank\" rel=\"noopener\">Golf Safari<\/a>, die <a href=\"https:\/\/www.voelkel-incoming.de\/individualreisen\/sport-aktiv-reisen\/\" target=\"_blank\" rel=\"noopener\">Radreise<\/a> oder Besichtigungstour vor einer Messe zu organisieren und brauchen Inputs und fachliche Beratung. Das ist unsere St\u00e4rke.<\/p>\n","protected":false},"excerpt":{"rendered":"<p>Als klassisches Reiseb\u00fcro sind wir erfolgreich seit 1971 sowohl mit der Ausarbeitung als auch der Vermittlung hochwertiger Reisen in weltweit attraktive Zielgebiete namhafter deutscher Reiseveranstalter t\u00e4tig, die wir \u00fcberwiegend selbst bereist haben. Wir arbeiten mit renommierten internationalen Airlines, Reedereien und Zielgebietsagenturen zusammen und bieten sowohl f\u00fcr Individualreisende als auch f\u00fcr Gruppen ausgefallene Arrangements an. Im [&hellip;]<\/p>\n","protected":false},"author":9,"featured_media":0,"parent":0,"menu_order":30,"comment_status":"closed","ping_status":"closed","template":"","meta":{"inline_featured_image":false},"yoast_head":"<!-- This site is optimized with the Yoast SEO plugin v19.5.1 - https:\/\/yoast.com\/wordpress\/plugins\/seo\/ -->\n<title>Group &amp; Event Travel - V\u00d6LKEL INCOMING<\/title>\n<meta name=\"robots\" content=\"index, follow, max-snippet:-1, max-image-preview:large, max-video-preview:-1\" \/>\n<link rel=\"canonical\" href=\"https:\/\/www.voelkel-incoming.de\/en\/group-event-travel\/\" \/>\n<meta property=\"og:locale\" content=\"en_US\" \/>\n<meta property=\"og:type\" content=\"article\" \/>\n<meta property=\"og:title\" content=\"Group &amp; Event Travel - V\u00d6LKEL INCOMING\" \/>\n<meta property=\"og:description\" content=\"Als klassisches Reiseb\u00fcro sind wir erfolgreich seit 1971 sowohl mit der Ausarbeitung als auch der Vermittlung hochwertiger Reisen in weltweit attraktive Zielgebiete namhafter deutscher Reiseveranstalter t\u00e4tig, die wir \u00fcberwiegend selbst bereist haben. Wir arbeiten mit renommierten internationalen Airlines, Reedereien und Zielgebietsagenturen zusammen und bieten sowohl f\u00fcr Individualreisende als auch f\u00fcr Gruppen ausgefallene Arrangements an. Im [&hellip;]\" \/>\n<meta property=\"og:url\" content=\"https:\/\/www.voelkel-incoming.de\/en\/group-event-travel\/\" \/>\n<meta property=\"og:site_name\" content=\"V\u00d6LKEL INCOMING\" \/>\n<meta property=\"article:modified_time\" content=\"2021-11-16T14:30:30+00:00\" \/>\n<meta name=\"twitter:card\" content=\"summary_large_image\" \/>\n<meta name=\"twitter:label1\" content=\"Est. reading time\" \/>\n\t<meta name=\"twitter:data1\" content=\"1 minute\" \/>\n<script type=\"application\/ld+json\" class=\"yoast-schema-graph\">{\"@context\":\"https:\/\/schema.org\",\"@graph\":[{\"@type\":\"WebPage\",\"@id\":\"https:\/\/www.voelkel-incoming.de\/en\/group-event-travel\/\",\"url\":\"https:\/\/www.voelkel-incoming.de\/en\/group-event-travel\/\",\"name\":\"Group & Event Travel - V\u00d6LKEL INCOMING\",\"isPartOf\":{\"@id\":\"https:\/\/www.voelkel-incoming.de\/#website\"},\"datePublished\":\"2021-11-16T13:31:52+00:00\",\"dateModified\":\"2021-11-16T14:30:30+00:00\",\"breadcrumb\":{\"@id\":\"https:\/\/www.voelkel-incoming.de\/en\/group-event-travel\/#breadcrumb\"},\"inLanguage\":\"en-US\",\"potentialAction\":[{\"@type\":\"ReadAction\",\"target\":[\"https:\/\/www.voelkel-incoming.de\/en\/group-event-travel\/\"]}]},{\"@type\":\"BreadcrumbList\",\"@id\":\"https:\/\/www.voelkel-incoming.de\/en\/group-event-travel\/#breadcrumb\",\"itemListElement\":[{\"@type\":\"ListItem\",\"position\":1,\"name\":\"Startseite\",\"item\":\"https:\/\/www.voelkel-incoming.de\/en\/\"},{\"@type\":\"ListItem\",\"position\":2,\"name\":\"Group &#038; Event Travel\"}]},{\"@type\":\"WebSite\",\"@id\":\"https:\/\/www.voelkel-incoming.de\/#website\",\"url\":\"https:\/\/www.voelkel-incoming.de\/\",\"name\":\"V\u00d6LKEL INCOMING\",\"description\":\"Travel &amp; Destination Management\",\"potentialAction\":[{\"@type\":\"SearchAction\",\"target\":{\"@type\":\"EntryPoint\",\"urlTemplate\":\"https:\/\/www.voelkel-incoming.de\/?s={search_term_string}\"},\"query-input\":\"required name=search_term_string\"}],\"inLanguage\":\"en-US\"}]}<\/script>\n<!-- \/ Yoast SEO plugin. -->","yoast_head_json":{"title":"Group & Event Travel - V\u00d6LKEL INCOMING","robots":{"index":"index","follow":"follow","max-snippet":"max-snippet:-1","max-image-preview":"max-image-preview:large","max-video-preview":"max-video-preview:-1"},"canonical":"https:\/\/www.voelkel-incoming.de\/en\/group-event-travel\/","og_locale":"en_US","og_type":"article","og_title":"Group & Event Travel - V\u00d6LKEL INCOMING","og_description":"Als klassisches Reiseb\u00fcro sind wir erfolgreich seit 1971 sowohl mit der Ausarbeitung als auch der Vermittlung hochwertiger Reisen in weltweit attraktive Zielgebiete namhafter deutscher Reiseveranstalter t\u00e4tig, die wir \u00fcberwiegend selbst bereist haben. Wir arbeiten mit renommierten internationalen Airlines, Reedereien und Zielgebietsagenturen zusammen und bieten sowohl f\u00fcr Individualreisende als auch f\u00fcr Gruppen ausgefallene Arrangements an. Im [&hellip;]","og_url":"https:\/\/www.voelkel-incoming.de\/en\/group-event-travel\/","og_site_name":"V\u00d6LKEL INCOMING","article_modified_time":"2021-11-16T14:30:30+00:00","twitter_card":"summary_large_image","twitter_misc":{"Est. reading time":"1 minute"},"schema":{"@context":"https:\/\/schema.org","@graph":[{"@type":"WebPage","@id":"https:\/\/www.voelkel-incoming.de\/en\/group-event-travel\/","url":"https:\/\/www.voelkel-incoming.de\/en\/group-event-travel\/","name":"Group & Event Travel - V\u00d6LKEL INCOMING","isPartOf":{"@id":"https:\/\/www.voelkel-incoming.de\/#website"},"datePublished":"2021-11-16T13:31:52+00:00","dateModified":"2021-11-16T14:30:30+00:00","breadcrumb":{"@id":"https:\/\/www.voelkel-incoming.de\/en\/group-event-travel\/#breadcrumb"},"inLanguage":"en-US","potentialAction":[{"@type":"ReadAction","target":["https:\/\/www.voelkel-incoming.de\/en\/group-event-travel\/"]}]},{"@type":"BreadcrumbList","@id":"https:\/\/www.voelkel-incoming.de\/en\/group-event-travel\/#breadcrumb","itemListElement":[{"@type":"ListItem","position":1,"name":"Startseite","item":"https:\/\/www.voelkel-incoming.de\/en\/"},{"@type":"ListItem","position":2,"name":"Group &#038; Event Travel"}]},{"@type":"WebSite","@id":"https:\/\/www.voelkel-incoming.de\/#website","url":"https:\/\/www.voelkel-incoming.de\/","name":"V\u00d6LKEL INCOMING","description":"Travel &amp; Destination Management","potentialAction":[{"@type":"SearchAction","target":{"@type":"EntryPoint","urlTemplate":"https:\/\/www.voelkel-incoming.de\/?s={search_term_string}"},"query-input":"required name=search_term_string"}],"inLanguage":"en-US"}]}},"_links":{"self":[{"href":"https:\/\/www.voelkel-incoming.de\/en\/wp-json\/wp\/v2\/pages\/3018"}],"collection":[{"href":"https:\/\/www.voelkel-incoming.de\/en\/wp-json\/wp\/v2\/pages"}],"about":[{"href":"https:\/\/www.voelkel-incoming.de\/en\/wp-json\/wp\/v2\/types\/page"}],"author":[{"embeddable":true,"href":"https:\/\/www.voelkel-incoming.de\/en\/wp-json\/wp\/v2\/users\/9"}],"replies":[{"embeddable":true,"href":"https:\/\/www.voelkel-incoming.de\/en\/wp-json\/wp\/v2\/comments?post=3018"}],"version-history":[{"count":2,"href":"https:\/\/www.voelkel-incoming.de\/en\/wp-json\/wp\/v2\/pages\/3018\/revisions"}],"predecessor-version":[{"id":3043,"href":"https:\/\/www.voelkel-incoming.de\/en\/wp-json\/wp\/v2\/pages\/3018\/revisions\/3043"}],"wp:attachment":[{"href":"https:\/\/www.voelkel-incoming.de\/en\/wp-json\/wp\/v2\/media?parent=3018"}],"curies":[{"name":"wp","href":"https:\/\/api.w.org\/{rel}","templated":true}]}}