{"id":3020,"date":"2021-11-16T15:33:19","date_gmt":"2021-11-16T13:33:19","guid":{"rendered":"https:\/\/www.voelkel-incoming.de\/?page_id=3020"},"modified":"2021-11-24T12:32:09","modified_gmt":"2021-11-24T10:32:09","slug":"travel-specialists","status":"publish","type":"page","link":"https:\/\/www.voelkel-incoming.de\/en\/group-event-travel\/travel-specialists\/","title":{"rendered":"Travel Specialists"},"content":{"rendered":"<div class=\"gdlr-core-pbf-column-content clearfix gdlr-core-js gdlr-core-sync-height-content\">\n<div class=\"gdlr-core-pbf-element\">\n<div class=\"gdlr-core-title-item gdlr-core-item-pdb clearfix gdlr-core-left-align gdlr-core-title-item-caption-top gdlr-core-item-pdlr\">\n<div class=\"gdlr-core-title-item-title-wrap\">\n<h1 class=\"gdlr-core-title-item-title gdlr-core-skin-title\" style=\"text-align: left;\">Reisen \u00e0 la carte<\/h1>\n<\/div>\n<\/div>\n<\/div>\n<div class=\"gdlr-core-pbf-element\">\n<div class=\"gdlr-core-text-box-item gdlr-core-item-pdlr gdlr-core-item-pdb gdlr-core-left-align\">\n<div class=\"gdlr-core-text-box-item-content\">\n<p style=\"text-align: left;\">Lassen Sie sich von der Vielfalt unserer Reisepartner \u00fcberraschen. Wir laden Sie herzlich ein, sich hier umzuschauen und vorab zu st\u00f6bern oder auch gleich einen Beratungstermin zu vereinbaren. Wir sind stets gern f\u00fcr Sie da und finden Ihre Wunschreise.<\/p>\n<p>Mit folgenden ReiseSpezialisten arbeiten wir zusammen :<\/p>\n<p>AIDA Cruises \u2022 AMADEUS Flusskreuzfahrten \u2022 Ameropa \u2022 APPINA Klassenfahrten \u2022 A-ROSA Flusskreuzfahrten \u2022 Belvelo E-Bike-Reisen f\u00fcr Entdecker \u2022 Berge &amp; Meer Touristik GmbH \u2022 Boundless \u2022 Cham\u00e4leon Reisen \u2022 Color Line \u2022 Costa Kreuzfahrten \u2022 Cunard Line \u2022 DIAMIR Erlebnisreisen \u2022 FlyCar mit IGLOOTEL Lappland \u2022 Hapag-Lloyd Cruises \u2022 HURTIGRUTEN &#8211; Das Original \u2022 HURTIGRUTEN &#8211; Expeditions \u2022 IKARUS TOURS \u2022 Island Pro Travel \u2022 Lernidee Erlebnisreisen \u2022 MSC Cruises \u2022 NCL \u2022 NOVASOL Ferienh\u00e4user \u2022 OLIMAR Reisen \u2022 Phoenix Reisen \u2022 PONANT Kreuzfahrten \u2022 Regent Seven Seas Cruises \u2022 Schauinsland Reisen \u2022 SEA CLOUD CRUISES \u2022 Silversea Cruises \u2022 SKAN-CLUB 60plus \u2022 STAR CLIPPERS KREUZFAHRTEN \u2022 Studiosus Reisen \/ Marco Polo Reisen \u2022 Vietentours \u2022 Events &amp; Sportreisen \u2022 WINDROSE Finest Travel<\/p>\n<\/div>\n<\/div>\n<\/div>\n<\/div>\n","protected":false},"excerpt":{"rendered":"<p>Reisen \u00e0 la carte Lassen Sie sich von der Vielfalt unserer Reisepartner \u00fcberraschen. Wir laden Sie herzlich ein, sich hier umzuschauen und vorab zu st\u00f6bern oder auch gleich einen Beratungstermin zu vereinbaren. Wir sind stets gern f\u00fcr Sie da und finden Ihre Wunschreise. Mit folgenden ReiseSpezialisten arbeiten wir zusammen : AIDA Cruises \u2022 AMADEUS Flusskreuzfahrten [&hellip;]<\/p>\n","protected":false},"author":9,"featured_media":1355,"parent":3018,"menu_order":0,"comment_status":"closed","ping_status":"closed","template":"","meta":{"inline_featured_image":false},"yoast_head":"<!-- This site is optimized with the Yoast SEO plugin v19.5.1 - https:\/\/yoast.com\/wordpress\/plugins\/seo\/ -->\n<title>Travel Specialists - V\u00d6LKEL INCOMING<\/title>\n<meta name=\"robots\" content=\"index, follow, max-snippet:-1, max-image-preview:large, max-video-preview:-1\" \/>\n<link rel=\"canonical\" href=\"https:\/\/www.voelkel-incoming.de\/en\/group-event-travel\/travel-specialists\/\" \/>\n<meta property=\"og:locale\" content=\"en_US\" \/>\n<meta property=\"og:type\" content=\"article\" \/>\n<meta property=\"og:title\" content=\"Travel Specialists - V\u00d6LKEL INCOMING\" \/>\n<meta property=\"og:description\" content=\"Reisen \u00e0 la carte Lassen Sie sich von der Vielfalt unserer Reisepartner \u00fcberraschen. Wir laden Sie herzlich ein, sich hier umzuschauen und vorab zu st\u00f6bern oder auch gleich einen Beratungstermin zu vereinbaren. Wir sind stets gern f\u00fcr Sie da und finden Ihre Wunschreise. Mit folgenden ReiseSpezialisten arbeiten wir zusammen : AIDA Cruises \u2022 AMADEUS Flusskreuzfahrten [&hellip;]\" \/>\n<meta property=\"og:url\" content=\"https:\/\/www.voelkel-incoming.de\/en\/group-event-travel\/travel-specialists\/\" \/>\n<meta property=\"og:site_name\" content=\"V\u00d6LKEL INCOMING\" \/>\n<meta property=\"article:modified_time\" content=\"2021-11-24T10:32:09+00:00\" \/>\n<meta property=\"og:image\" content=\"https:\/\/www.voelkel-incoming.de\/wp-content\/uploads\/2021\/06\/AdobeStock_273069976.jpeg\" \/>\n\t<meta property=\"og:image:width\" content=\"1920\" \/>\n\t<meta property=\"og:image:height\" content=\"609\" \/>\n\t<meta property=\"og:image:type\" content=\"image\/jpeg\" \/>\n<meta name=\"twitter:card\" content=\"summary_large_image\" \/>\n<meta name=\"twitter:label1\" content=\"Est. reading time\" \/>\n\t<meta name=\"twitter:data1\" content=\"1 minute\" \/>\n<script type=\"application\/ld+json\" class=\"yoast-schema-graph\">{\"@context\":\"https:\/\/schema.org\",\"@graph\":[{\"@type\":\"WebPage\",\"@id\":\"https:\/\/www.voelkel-incoming.de\/en\/group-event-travel\/travel-specialists\/\",\"url\":\"https:\/\/www.voelkel-incoming.de\/en\/group-event-travel\/travel-specialists\/\",\"name\":\"Travel Specialists - V\u00d6LKEL INCOMING\",\"isPartOf\":{\"@id\":\"https:\/\/www.voelkel-incoming.de\/#website\"},\"datePublished\":\"2021-11-16T13:33:19+00:00\",\"dateModified\":\"2021-11-24T10:32:09+00:00\",\"breadcrumb\":{\"@id\":\"https:\/\/www.voelkel-incoming.de\/en\/group-event-travel\/travel-specialists\/#breadcrumb\"},\"inLanguage\":\"en-US\",\"potentialAction\":[{\"@type\":\"ReadAction\",\"target\":[\"https:\/\/www.voelkel-incoming.de\/en\/group-event-travel\/travel-specialists\/\"]}]},{\"@type\":\"BreadcrumbList\",\"@id\":\"https:\/\/www.voelkel-incoming.de\/en\/group-event-travel\/travel-specialists\/#breadcrumb\",\"itemListElement\":[{\"@type\":\"ListItem\",\"position\":1,\"name\":\"Startseite\",\"item\":\"https:\/\/www.voelkel-incoming.de\/en\/\"},{\"@type\":\"ListItem\",\"position\":2,\"name\":\"Group &#038; Event Travel\",\"item\":\"https:\/\/www.voelkel-incoming.de\/en\/group-event-travel\/\"},{\"@type\":\"ListItem\",\"position\":3,\"name\":\"Travel Specialists\"}]},{\"@type\":\"WebSite\",\"@id\":\"https:\/\/www.voelkel-incoming.de\/#website\",\"url\":\"https:\/\/www.voelkel-incoming.de\/\",\"name\":\"V\u00d6LKEL INCOMING\",\"description\":\"Travel &amp; Destination Management\",\"potentialAction\":[{\"@type\":\"SearchAction\",\"target\":{\"@type\":\"EntryPoint\",\"urlTemplate\":\"https:\/\/www.voelkel-incoming.de\/?s={search_term_string}\"},\"query-input\":\"required name=search_term_string\"}],\"inLanguage\":\"en-US\"}]}<\/script>\n<!-- \/ Yoast SEO plugin. -->","yoast_head_json":{"title":"Travel Specialists - V\u00d6LKEL INCOMING","robots":{"index":"index","follow":"follow","max-snippet":"max-snippet:-1","max-image-preview":"max-image-preview:large","max-video-preview":"max-video-preview:-1"},"canonical":"https:\/\/www.voelkel-incoming.de\/en\/group-event-travel\/travel-specialists\/","og_locale":"en_US","og_type":"article","og_title":"Travel Specialists - V\u00d6LKEL INCOMING","og_description":"Reisen \u00e0 la carte Lassen Sie sich von der Vielfalt unserer Reisepartner \u00fcberraschen. Wir laden Sie herzlich ein, sich hier umzuschauen und vorab zu st\u00f6bern oder auch gleich einen Beratungstermin zu vereinbaren. Wir sind stets gern f\u00fcr Sie da und finden Ihre Wunschreise. Mit folgenden ReiseSpezialisten arbeiten wir zusammen : AIDA Cruises \u2022 AMADEUS Flusskreuzfahrten [&hellip;]","og_url":"https:\/\/www.voelkel-incoming.de\/en\/group-event-travel\/travel-specialists\/","og_site_name":"V\u00d6LKEL INCOMING","article_modified_time":"2021-11-24T10:32:09+00:00","og_image":[{"width":1920,"height":609,"url":"https:\/\/www.voelkel-incoming.de\/wp-content\/uploads\/2021\/06\/AdobeStock_273069976.jpeg","type":"image\/jpeg"}],"twitter_card":"summary_large_image","twitter_misc":{"Est. reading time":"1 minute"},"schema":{"@context":"https:\/\/schema.org","@graph":[{"@type":"WebPage","@id":"https:\/\/www.voelkel-incoming.de\/en\/group-event-travel\/travel-specialists\/","url":"https:\/\/www.voelkel-incoming.de\/en\/group-event-travel\/travel-specialists\/","name":"Travel Specialists - V\u00d6LKEL INCOMING","isPartOf":{"@id":"https:\/\/www.voelkel-incoming.de\/#website"},"datePublished":"2021-11-16T13:33:19+00:00","dateModified":"2021-11-24T10:32:09+00:00","breadcrumb":{"@id":"https:\/\/www.voelkel-incoming.de\/en\/group-event-travel\/travel-specialists\/#breadcrumb"},"inLanguage":"en-US","potentialAction":[{"@type":"ReadAction","target":["https:\/\/www.voelkel-incoming.de\/en\/group-event-travel\/travel-specialists\/"]}]},{"@type":"BreadcrumbList","@id":"https:\/\/www.voelkel-incoming.de\/en\/group-event-travel\/travel-specialists\/#breadcrumb","itemListElement":[{"@type":"ListItem","position":1,"name":"Startseite","item":"https:\/\/www.voelkel-incoming.de\/en\/"},{"@type":"ListItem","position":2,"name":"Group &#038; Event Travel","item":"https:\/\/www.voelkel-incoming.de\/en\/group-event-travel\/"},{"@type":"ListItem","position":3,"name":"Travel Specialists"}]},{"@type":"WebSite","@id":"https:\/\/www.voelkel-incoming.de\/#website","url":"https:\/\/www.voelkel-incoming.de\/","name":"V\u00d6LKEL INCOMING","description":"Travel &amp; Destination Management","potentialAction":[{"@type":"SearchAction","target":{"@type":"EntryPoint","urlTemplate":"https:\/\/www.voelkel-incoming.de\/?s={search_term_string}"},"query-input":"required name=search_term_string"}],"inLanguage":"en-US"}]}},"_links":{"self":[{"href":"https:\/\/www.voelkel-incoming.de\/en\/wp-json\/wp\/v2\/pages\/3020"}],"collection":[{"href":"https:\/\/www.voelkel-incoming.de\/en\/wp-json\/wp\/v2\/pages"}],"about":[{"href":"https:\/\/www.voelkel-incoming.de\/en\/wp-json\/wp\/v2\/types\/page"}],"author":[{"embeddable":true,"href":"https:\/\/www.voelkel-incoming.de\/en\/wp-json\/wp\/v2\/users\/9"}],"replies":[{"embeddable":true,"href":"https:\/\/www.voelkel-incoming.de\/en\/wp-json\/wp\/v2\/comments?post=3020"}],"version-history":[{"count":3,"href":"https:\/\/www.voelkel-incoming.de\/en\/wp-json\/wp\/v2\/pages\/3020\/revisions"}],"predecessor-version":[{"id":3173,"href":"https:\/\/www.voelkel-incoming.de\/en\/wp-json\/wp\/v2\/pages\/3020\/revisions\/3173"}],"up":[{"embeddable":true,"href":"https:\/\/www.voelkel-incoming.de\/en\/wp-json\/wp\/v2\/pages\/3018"}],"wp:featuredmedia":[{"embeddable":true,"href":"https:\/\/www.voelkel-incoming.de\/en\/wp-json\/wp\/v2\/media\/1355"}],"wp:attachment":[{"href":"https:\/\/www.voelkel-incoming.de\/en\/wp-json\/wp\/v2\/media?parent=3020"}],"curies":[{"name":"wp","href":"https:\/\/api.w.org\/{rel}","templated":true}]}}