{"id":3022,"date":"2021-11-16T15:34:29","date_gmt":"2021-11-16T13:34:29","guid":{"rendered":"https:\/\/www.voelkel-incoming.de\/?page_id=3022"},"modified":"2021-11-24T12:31:07","modified_gmt":"2021-11-24T10:31:07","slug":"thematic-and-cultural-trips","status":"publish","type":"page","link":"https:\/\/www.voelkel-incoming.de\/en\/group-event-travel\/thematic-and-cultural-trips\/","title":{"rendered":"Thematic and cultural Trips"},"content":{"rendered":"<h2>Hannover<\/h2>\n<p><strong>ist UNESCO City of Music, wovon es in jedem Land der Welt nur eine Stadt gibt.<\/strong><\/p>\n<p>Tats\u00e4chlich finden j\u00e4hrlich gro\u00dfe Musik-Veranstaltungen jeden Genres in Konzerth\u00e4usern, Arenen, Open Air im Rathauspark am Maschsee und im Rahmen von Festivals in den K\u00f6niglichen Herrenh\u00e4user G\u00e4rten statt. Seit der Fertigstellung des Wiederaufbaus nach Originalpl\u00e4nen erinnert seit 2013 das Schloss Herrenhausen an die enge Verbindung der Welfenk\u00f6nige von Hannover zum englischen K\u00f6nigshaus. Auch sonst sagt man den Hannoveranern gern eine gewisse \u00c4hnlichkeit mit dem Britischen Understatement nach.<\/p>\n<p>Inmitten der prachtvollen G\u00e4rten vis-a-vis des Botanischen Berggartens und des Georgengartens erleben Besucher die Zeit des Barocks und ihrer verschwenderischen Lebensfreude und genie\u00dfen das gro\u00dfe kulturelle und literarische Angebot in Herrenhausen.<\/p>\n<p>Wie eine einzige gro\u00dfe Parklandschaft stellt sich den G\u00e4sten das Umland von Hannover dar und l\u00e4dt ein zum Wandern, Fahrradfahren, Besuch von Konzertveranstaltungen, Schl\u00f6ssern, Parks und G\u00e4rten sowie kulturhistorischen St\u00e4tten, auch im l\u00e4ndlichen Raum. Das hervorragend ausgebaute Netz \u00f6ffentlicher Verkehrsmittel sorgt f\u00fcr ein schnelles Ankommen.<\/p>\n<h2>Hildesheim<\/h2>\n<p><strong>ist im Besitz gleich zweier UNESCO-Weltkulturerben<br \/>\n<\/strong><\/p>\n<p>Die Bischofsstadt Hildesheim mit aufw\u00e4ndig restaurierter Altstadt ist im Besitz gleich zweier UNESCO-Weltkulturerben &#8211; <a href=\"https:\/\/www.welterbe-niedersachsen.de\/welterbe-in-hildesheim\/st-michaelis-hildesheim\" target=\"_blank\" rel=\"noopener\"><strong>St. Michaelis Basilika<\/strong><\/a> und <strong><a href=\"https:\/\/www.dom-hildesheim.de\/de\" target=\"_blank\" rel=\"noopener\">Dom mit dem tausendj\u00e4hrigen Rosenstock<\/a><\/strong> &#8211; und beherbergt im ber\u00fchmten <a href=\"https:\/\/www.google.com\/url?sa=t&amp;rct=j&amp;q=&amp;esrc=s&amp;source=web&amp;cd=&amp;cad=rja&amp;uact=8&amp;ved=2ahUKEwi2j8Oglp_wAhV4_7sIHQi3Ah0QFjAAegQIAhAE&amp;url=http%3A%2F%2Fwww.rpmuseum.de%2F&amp;usg=AOvVaw3Exm9U2w1QDp3Irf8LrU-4\" target=\"_blank\" rel=\"noopener\"><strong>Roemer-Pelizaeus-Museum <\/strong><\/a>\u00a0eine der weltweit bedeutendsten Sammlungen alt\u00e4gyptischer Kulturdenkm\u00e4ler.<\/p>\n<p>Und zur Weihnachtszeit gl\u00e4nzt die Stadt mit dem Weihnachtsmarkt auf dem historischen Marktplatz \u00a0mit vielen sehenswerten Fachwerkst\u00e4dten in Niedersachsen um die Wette.<\/p>\n","protected":false},"excerpt":{"rendered":"<p>Hannover ist UNESCO City of Music, wovon es in jedem Land der Welt nur eine Stadt gibt. Tats\u00e4chlich finden j\u00e4hrlich gro\u00dfe Musik-Veranstaltungen jeden Genres in Konzerth\u00e4usern, Arenen, Open Air im Rathauspark am Maschsee und im Rahmen von Festivals in den K\u00f6niglichen Herrenh\u00e4user G\u00e4rten statt. Seit der Fertigstellung des Wiederaufbaus nach Originalpl\u00e4nen erinnert seit 2013 das [&hellip;]<\/p>\n","protected":false},"author":9,"featured_media":1355,"parent":3018,"menu_order":0,"comment_status":"closed","ping_status":"closed","template":"","meta":{"inline_featured_image":false},"yoast_head":"<!-- This site is optimized with the Yoast SEO plugin v19.5.1 - https:\/\/yoast.com\/wordpress\/plugins\/seo\/ -->\n<title>Thematic and cultural Trips - V\u00d6LKEL INCOMING<\/title>\n<meta name=\"robots\" content=\"index, follow, max-snippet:-1, max-image-preview:large, max-video-preview:-1\" \/>\n<link rel=\"canonical\" href=\"https:\/\/www.voelkel-incoming.de\/en\/group-event-travel\/thematic-and-cultural-trips\/\" \/>\n<meta property=\"og:locale\" content=\"en_US\" \/>\n<meta property=\"og:type\" content=\"article\" \/>\n<meta property=\"og:title\" content=\"Thematic and cultural Trips - V\u00d6LKEL INCOMING\" \/>\n<meta property=\"og:description\" content=\"Hannover ist UNESCO City of Music, wovon es in jedem Land der Welt nur eine Stadt gibt. Tats\u00e4chlich finden j\u00e4hrlich gro\u00dfe Musik-Veranstaltungen jeden Genres in Konzerth\u00e4usern, Arenen, Open Air im Rathauspark am Maschsee und im Rahmen von Festivals in den K\u00f6niglichen Herrenh\u00e4user G\u00e4rten statt. Seit der Fertigstellung des Wiederaufbaus nach Originalpl\u00e4nen erinnert seit 2013 das [&hellip;]\" \/>\n<meta property=\"og:url\" content=\"https:\/\/www.voelkel-incoming.de\/en\/group-event-travel\/thematic-and-cultural-trips\/\" \/>\n<meta property=\"og:site_name\" content=\"V\u00d6LKEL INCOMING\" \/>\n<meta property=\"article:modified_time\" content=\"2021-11-24T10:31:07+00:00\" \/>\n<meta property=\"og:image\" content=\"https:\/\/www.voelkel-incoming.de\/wp-content\/uploads\/2021\/06\/AdobeStock_273069976.jpeg\" \/>\n\t<meta property=\"og:image:width\" content=\"1920\" \/>\n\t<meta property=\"og:image:height\" content=\"609\" \/>\n\t<meta property=\"og:image:type\" content=\"image\/jpeg\" \/>\n<meta name=\"twitter:card\" content=\"summary_large_image\" \/>\n<meta name=\"twitter:label1\" content=\"Est. reading time\" \/>\n\t<meta name=\"twitter:data1\" content=\"1 minute\" \/>\n<script type=\"application\/ld+json\" class=\"yoast-schema-graph\">{\"@context\":\"https:\/\/schema.org\",\"@graph\":[{\"@type\":\"WebPage\",\"@id\":\"https:\/\/www.voelkel-incoming.de\/en\/group-event-travel\/thematic-and-cultural-trips\/\",\"url\":\"https:\/\/www.voelkel-incoming.de\/en\/group-event-travel\/thematic-and-cultural-trips\/\",\"name\":\"Thematic and cultural Trips - V\u00d6LKEL INCOMING\",\"isPartOf\":{\"@id\":\"https:\/\/www.voelkel-incoming.de\/#website\"},\"datePublished\":\"2021-11-16T13:34:29+00:00\",\"dateModified\":\"2021-11-24T10:31:07+00:00\",\"breadcrumb\":{\"@id\":\"https:\/\/www.voelkel-incoming.de\/en\/group-event-travel\/thematic-and-cultural-trips\/#breadcrumb\"},\"inLanguage\":\"en-US\",\"potentialAction\":[{\"@type\":\"ReadAction\",\"target\":[\"https:\/\/www.voelkel-incoming.de\/en\/group-event-travel\/thematic-and-cultural-trips\/\"]}]},{\"@type\":\"BreadcrumbList\",\"@id\":\"https:\/\/www.voelkel-incoming.de\/en\/group-event-travel\/thematic-and-cultural-trips\/#breadcrumb\",\"itemListElement\":[{\"@type\":\"ListItem\",\"position\":1,\"name\":\"Startseite\",\"item\":\"https:\/\/www.voelkel-incoming.de\/en\/\"},{\"@type\":\"ListItem\",\"position\":2,\"name\":\"Group &#038; Event Travel\",\"item\":\"https:\/\/www.voelkel-incoming.de\/en\/group-event-travel\/\"},{\"@type\":\"ListItem\",\"position\":3,\"name\":\"Thematic and cultural Trips\"}]},{\"@type\":\"WebSite\",\"@id\":\"https:\/\/www.voelkel-incoming.de\/#website\",\"url\":\"https:\/\/www.voelkel-incoming.de\/\",\"name\":\"V\u00d6LKEL INCOMING\",\"description\":\"Travel &amp; Destination Management\",\"potentialAction\":[{\"@type\":\"SearchAction\",\"target\":{\"@type\":\"EntryPoint\",\"urlTemplate\":\"https:\/\/www.voelkel-incoming.de\/?s={search_term_string}\"},\"query-input\":\"required name=search_term_string\"}],\"inLanguage\":\"en-US\"}]}<\/script>\n<!-- \/ Yoast SEO plugin. -->","yoast_head_json":{"title":"Thematic and cultural Trips - V\u00d6LKEL INCOMING","robots":{"index":"index","follow":"follow","max-snippet":"max-snippet:-1","max-image-preview":"max-image-preview:large","max-video-preview":"max-video-preview:-1"},"canonical":"https:\/\/www.voelkel-incoming.de\/en\/group-event-travel\/thematic-and-cultural-trips\/","og_locale":"en_US","og_type":"article","og_title":"Thematic and cultural Trips - V\u00d6LKEL INCOMING","og_description":"Hannover ist UNESCO City of Music, wovon es in jedem Land der Welt nur eine Stadt gibt. Tats\u00e4chlich finden j\u00e4hrlich gro\u00dfe Musik-Veranstaltungen jeden Genres in Konzerth\u00e4usern, Arenen, Open Air im Rathauspark am Maschsee und im Rahmen von Festivals in den K\u00f6niglichen Herrenh\u00e4user G\u00e4rten statt. Seit der Fertigstellung des Wiederaufbaus nach Originalpl\u00e4nen erinnert seit 2013 das [&hellip;]","og_url":"https:\/\/www.voelkel-incoming.de\/en\/group-event-travel\/thematic-and-cultural-trips\/","og_site_name":"V\u00d6LKEL INCOMING","article_modified_time":"2021-11-24T10:31:07+00:00","og_image":[{"width":1920,"height":609,"url":"https:\/\/www.voelkel-incoming.de\/wp-content\/uploads\/2021\/06\/AdobeStock_273069976.jpeg","type":"image\/jpeg"}],"twitter_card":"summary_large_image","twitter_misc":{"Est. reading time":"1 minute"},"schema":{"@context":"https:\/\/schema.org","@graph":[{"@type":"WebPage","@id":"https:\/\/www.voelkel-incoming.de\/en\/group-event-travel\/thematic-and-cultural-trips\/","url":"https:\/\/www.voelkel-incoming.de\/en\/group-event-travel\/thematic-and-cultural-trips\/","name":"Thematic and cultural Trips - V\u00d6LKEL INCOMING","isPartOf":{"@id":"https:\/\/www.voelkel-incoming.de\/#website"},"datePublished":"2021-11-16T13:34:29+00:00","dateModified":"2021-11-24T10:31:07+00:00","breadcrumb":{"@id":"https:\/\/www.voelkel-incoming.de\/en\/group-event-travel\/thematic-and-cultural-trips\/#breadcrumb"},"inLanguage":"en-US","potentialAction":[{"@type":"ReadAction","target":["https:\/\/www.voelkel-incoming.de\/en\/group-event-travel\/thematic-and-cultural-trips\/"]}]},{"@type":"BreadcrumbList","@id":"https:\/\/www.voelkel-incoming.de\/en\/group-event-travel\/thematic-and-cultural-trips\/#breadcrumb","itemListElement":[{"@type":"ListItem","position":1,"name":"Startseite","item":"https:\/\/www.voelkel-incoming.de\/en\/"},{"@type":"ListItem","position":2,"name":"Group &#038; Event Travel","item":"https:\/\/www.voelkel-incoming.de\/en\/group-event-travel\/"},{"@type":"ListItem","position":3,"name":"Thematic and cultural Trips"}]},{"@type":"WebSite","@id":"https:\/\/www.voelkel-incoming.de\/#website","url":"https:\/\/www.voelkel-incoming.de\/","name":"V\u00d6LKEL INCOMING","description":"Travel &amp; Destination Management","potentialAction":[{"@type":"SearchAction","target":{"@type":"EntryPoint","urlTemplate":"https:\/\/www.voelkel-incoming.de\/?s={search_term_string}"},"query-input":"required name=search_term_string"}],"inLanguage":"en-US"}]}},"_links":{"self":[{"href":"https:\/\/www.voelkel-incoming.de\/en\/wp-json\/wp\/v2\/pages\/3022"}],"collection":[{"href":"https:\/\/www.voelkel-incoming.de\/en\/wp-json\/wp\/v2\/pages"}],"about":[{"href":"https:\/\/www.voelkel-incoming.de\/en\/wp-json\/wp\/v2\/types\/page"}],"author":[{"embeddable":true,"href":"https:\/\/www.voelkel-incoming.de\/en\/wp-json\/wp\/v2\/users\/9"}],"replies":[{"embeddable":true,"href":"https:\/\/www.voelkel-incoming.de\/en\/wp-json\/wp\/v2\/comments?post=3022"}],"version-history":[{"count":3,"href":"https:\/\/www.voelkel-incoming.de\/en\/wp-json\/wp\/v2\/pages\/3022\/revisions"}],"predecessor-version":[{"id":3172,"href":"https:\/\/www.voelkel-incoming.de\/en\/wp-json\/wp\/v2\/pages\/3022\/revisions\/3172"}],"up":[{"embeddable":true,"href":"https:\/\/www.voelkel-incoming.de\/en\/wp-json\/wp\/v2\/pages\/3018"}],"wp:featuredmedia":[{"embeddable":true,"href":"https:\/\/www.voelkel-incoming.de\/en\/wp-json\/wp\/v2\/media\/1355"}],"wp:attachment":[{"href":"https:\/\/www.voelkel-incoming.de\/en\/wp-json\/wp\/v2\/media?parent=3022"}],"curies":[{"name":"wp","href":"https:\/\/api.w.org\/{rel}","templated":true}]}}