{"id":3051,"date":"2021-11-16T16:59:06","date_gmt":"2021-11-16T14:59:06","guid":{"rendered":"https:\/\/www.voelkel-incoming.de\/individual-travel\/vacations\/"},"modified":"2021-11-24T12:37:37","modified_gmt":"2021-11-24T10:37:37","slug":"holiday-trips","status":"publish","type":"page","link":"https:\/\/www.voelkel-incoming.de\/en\/individual-travel\/holiday-trips\/","title":{"rendered":"Holiday trips"},"content":{"rendered":"<figure id=\"attachment_845\" aria-describedby=\"caption-attachment-845\" style=\"width: 435px\" class=\"wp-caption alignright\"><img loading=\"lazy\" class=\" wp-image-845\" src=\"https:\/\/www.voelkel-incoming.de\/wp-content\/uploads\/2021\/04\/chair-and-table-dinning-on-the-beach-and-sea-with-blue-sky-300x200.jpg\" alt=\"\" width=\"435\" height=\"290\" srcset=\"https:\/\/www.voelkel-incoming.de\/wp-content\/uploads\/2021\/04\/chair-and-table-dinning-on-the-beach-and-sea-with-blue-sky-300x200.jpg 300w, https:\/\/www.voelkel-incoming.de\/wp-content\/uploads\/2021\/04\/chair-and-table-dinning-on-the-beach-and-sea-with-blue-sky-1024x683.jpg 1024w, https:\/\/www.voelkel-incoming.de\/wp-content\/uploads\/2021\/04\/chair-and-table-dinning-on-the-beach-and-sea-with-blue-sky-768x512.jpg 768w, https:\/\/www.voelkel-incoming.de\/wp-content\/uploads\/2021\/04\/chair-and-table-dinning-on-the-beach-and-sea-with-blue-sky-1536x1024.jpg 1536w, https:\/\/www.voelkel-incoming.de\/wp-content\/uploads\/2021\/04\/chair-and-table-dinning-on-the-beach-and-sea-with-blue-sky-1500x1000.jpg 1500w, https:\/\/www.voelkel-incoming.de\/wp-content\/uploads\/2021\/04\/chair-and-table-dinning-on-the-beach-and-sea-with-blue-sky.jpg 1920w\" sizes=\"(max-width: 435px) 100vw, 435px\" \/><figcaption id=\"caption-attachment-845\" class=\"wp-caption-text\"><a href=\"http:\/\/www.freepik.com\" target=\"_blank\" rel=\"noopener\"><span style=\"font-size: 8pt;\">Designed by Freepik<\/span><\/a><\/figcaption><\/figure>\n<h1 style=\"text-align: left;\">Einfach Urlaub &#8230;<\/h1>\n<p style=\"text-align: left;\">Hier finden Sie die typischen Urlaubsreisen, die Ihren Alltag auf angenehmste Art &amp; Weise unterbrechen.<br \/>\nAn diesen Orten k\u00f6nnen Sie Sonne genie\u00dfen, sich den Wind um die Ohren wehen lassen, sich bei Bogenschie\u00dfen oder Wellenreiten austoben und nat\u00fcrlich Land &amp; Leute kennenlernen.<\/p>\n<p>&nbsp;<\/p>\n","protected":false},"excerpt":{"rendered":"<p>Einfach Urlaub &#8230; Hier finden Sie die typischen Urlaubsreisen, die Ihren Alltag auf angenehmste Art &amp; Weise unterbrechen. An diesen Orten k\u00f6nnen Sie Sonne genie\u00dfen, sich den Wind um die Ohren wehen lassen, sich bei Bogenschie\u00dfen oder Wellenreiten austoben und nat\u00fcrlich Land &amp; Leute kennenlernen. &nbsp;<\/p>\n","protected":false},"author":9,"featured_media":0,"parent":3049,"menu_order":0,"comment_status":"closed","ping_status":"closed","template":"","meta":{"inline_featured_image":false},"yoast_head":"<!-- This site is optimized with the Yoast SEO plugin v19.5.1 - https:\/\/yoast.com\/wordpress\/plugins\/seo\/ -->\n<title>Holiday trips - V\u00d6LKEL INCOMING<\/title>\n<meta name=\"robots\" content=\"index, follow, max-snippet:-1, max-image-preview:large, max-video-preview:-1\" \/>\n<link rel=\"canonical\" href=\"https:\/\/www.voelkel-incoming.de\/en\/individual-travel\/holiday-trips\/\" \/>\n<meta property=\"og:locale\" content=\"en_US\" \/>\n<meta property=\"og:type\" content=\"article\" \/>\n<meta property=\"og:title\" content=\"Holiday trips - V\u00d6LKEL INCOMING\" \/>\n<meta property=\"og:description\" content=\"Einfach Urlaub &#8230; Hier finden Sie die typischen Urlaubsreisen, die Ihren Alltag auf angenehmste Art &amp; Weise unterbrechen. An diesen Orten k\u00f6nnen Sie Sonne genie\u00dfen, sich den Wind um die Ohren wehen lassen, sich bei Bogenschie\u00dfen oder Wellenreiten austoben und nat\u00fcrlich Land &amp; Leute kennenlernen. &nbsp;\" \/>\n<meta property=\"og:url\" content=\"https:\/\/www.voelkel-incoming.de\/en\/individual-travel\/holiday-trips\/\" \/>\n<meta property=\"og:site_name\" content=\"V\u00d6LKEL INCOMING\" \/>\n<meta property=\"article:modified_time\" content=\"2021-11-24T10:37:37+00:00\" \/>\n<meta property=\"og:image\" content=\"https:\/\/www.voelkel-incoming.de\/wp-content\/uploads\/2021\/04\/chair-and-table-dinning-on-the-beach-and-sea-with-blue-sky-300x200.jpg\" \/>\n<meta name=\"twitter:card\" content=\"summary_large_image\" \/>\n<script type=\"application\/ld+json\" class=\"yoast-schema-graph\">{\"@context\":\"https:\/\/schema.org\",\"@graph\":[{\"@type\":\"WebPage\",\"@id\":\"https:\/\/www.voelkel-incoming.de\/en\/individual-travel\/holiday-trips\/\",\"url\":\"https:\/\/www.voelkel-incoming.de\/en\/individual-travel\/holiday-trips\/\",\"name\":\"Holiday trips - V\u00d6LKEL INCOMING\",\"isPartOf\":{\"@id\":\"https:\/\/www.voelkel-incoming.de\/#website\"},\"datePublished\":\"2021-11-16T14:59:06+00:00\",\"dateModified\":\"2021-11-24T10:37:37+00:00\",\"breadcrumb\":{\"@id\":\"https:\/\/www.voelkel-incoming.de\/en\/individual-travel\/holiday-trips\/#breadcrumb\"},\"inLanguage\":\"en-US\",\"potentialAction\":[{\"@type\":\"ReadAction\",\"target\":[\"https:\/\/www.voelkel-incoming.de\/en\/individual-travel\/holiday-trips\/\"]}]},{\"@type\":\"BreadcrumbList\",\"@id\":\"https:\/\/www.voelkel-incoming.de\/en\/individual-travel\/holiday-trips\/#breadcrumb\",\"itemListElement\":[{\"@type\":\"ListItem\",\"position\":1,\"name\":\"Startseite\",\"item\":\"https:\/\/www.voelkel-incoming.de\/en\/\"},{\"@type\":\"ListItem\",\"position\":2,\"name\":\"IndividualTravel\",\"item\":\"https:\/\/www.voelkel-incoming.de\/en\/individual-travel\/\"},{\"@type\":\"ListItem\",\"position\":3,\"name\":\"Holiday trips\"}]},{\"@type\":\"WebSite\",\"@id\":\"https:\/\/www.voelkel-incoming.de\/#website\",\"url\":\"https:\/\/www.voelkel-incoming.de\/\",\"name\":\"V\u00d6LKEL INCOMING\",\"description\":\"Travel &amp; Destination Management\",\"potentialAction\":[{\"@type\":\"SearchAction\",\"target\":{\"@type\":\"EntryPoint\",\"urlTemplate\":\"https:\/\/www.voelkel-incoming.de\/?s={search_term_string}\"},\"query-input\":\"required name=search_term_string\"}],\"inLanguage\":\"en-US\"}]}<\/script>\n<!-- \/ Yoast SEO plugin. -->","yoast_head_json":{"title":"Holiday trips - V\u00d6LKEL INCOMING","robots":{"index":"index","follow":"follow","max-snippet":"max-snippet:-1","max-image-preview":"max-image-preview:large","max-video-preview":"max-video-preview:-1"},"canonical":"https:\/\/www.voelkel-incoming.de\/en\/individual-travel\/holiday-trips\/","og_locale":"en_US","og_type":"article","og_title":"Holiday trips - V\u00d6LKEL INCOMING","og_description":"Einfach Urlaub &#8230; Hier finden Sie die typischen Urlaubsreisen, die Ihren Alltag auf angenehmste Art &amp; Weise unterbrechen. An diesen Orten k\u00f6nnen Sie Sonne genie\u00dfen, sich den Wind um die Ohren wehen lassen, sich bei Bogenschie\u00dfen oder Wellenreiten austoben und nat\u00fcrlich Land &amp; Leute kennenlernen. &nbsp;","og_url":"https:\/\/www.voelkel-incoming.de\/en\/individual-travel\/holiday-trips\/","og_site_name":"V\u00d6LKEL INCOMING","article_modified_time":"2021-11-24T10:37:37+00:00","og_image":[{"url":"https:\/\/www.voelkel-incoming.de\/wp-content\/uploads\/2021\/04\/chair-and-table-dinning-on-the-beach-and-sea-with-blue-sky-300x200.jpg"}],"twitter_card":"summary_large_image","schema":{"@context":"https:\/\/schema.org","@graph":[{"@type":"WebPage","@id":"https:\/\/www.voelkel-incoming.de\/en\/individual-travel\/holiday-trips\/","url":"https:\/\/www.voelkel-incoming.de\/en\/individual-travel\/holiday-trips\/","name":"Holiday trips - V\u00d6LKEL INCOMING","isPartOf":{"@id":"https:\/\/www.voelkel-incoming.de\/#website"},"datePublished":"2021-11-16T14:59:06+00:00","dateModified":"2021-11-24T10:37:37+00:00","breadcrumb":{"@id":"https:\/\/www.voelkel-incoming.de\/en\/individual-travel\/holiday-trips\/#breadcrumb"},"inLanguage":"en-US","potentialAction":[{"@type":"ReadAction","target":["https:\/\/www.voelkel-incoming.de\/en\/individual-travel\/holiday-trips\/"]}]},{"@type":"BreadcrumbList","@id":"https:\/\/www.voelkel-incoming.de\/en\/individual-travel\/holiday-trips\/#breadcrumb","itemListElement":[{"@type":"ListItem","position":1,"name":"Startseite","item":"https:\/\/www.voelkel-incoming.de\/en\/"},{"@type":"ListItem","position":2,"name":"IndividualTravel","item":"https:\/\/www.voelkel-incoming.de\/en\/individual-travel\/"},{"@type":"ListItem","position":3,"name":"Holiday trips"}]},{"@type":"WebSite","@id":"https:\/\/www.voelkel-incoming.de\/#website","url":"https:\/\/www.voelkel-incoming.de\/","name":"V\u00d6LKEL INCOMING","description":"Travel &amp; Destination Management","potentialAction":[{"@type":"SearchAction","target":{"@type":"EntryPoint","urlTemplate":"https:\/\/www.voelkel-incoming.de\/?s={search_term_string}"},"query-input":"required name=search_term_string"}],"inLanguage":"en-US"}]}},"_links":{"self":[{"href":"https:\/\/www.voelkel-incoming.de\/en\/wp-json\/wp\/v2\/pages\/3051"}],"collection":[{"href":"https:\/\/www.voelkel-incoming.de\/en\/wp-json\/wp\/v2\/pages"}],"about":[{"href":"https:\/\/www.voelkel-incoming.de\/en\/wp-json\/wp\/v2\/types\/page"}],"author":[{"embeddable":true,"href":"https:\/\/www.voelkel-incoming.de\/en\/wp-json\/wp\/v2\/users\/9"}],"replies":[{"embeddable":true,"href":"https:\/\/www.voelkel-incoming.de\/en\/wp-json\/wp\/v2\/comments?post=3051"}],"version-history":[{"count":1,"href":"https:\/\/www.voelkel-incoming.de\/en\/wp-json\/wp\/v2\/pages\/3051\/revisions"}],"predecessor-version":[{"id":3179,"href":"https:\/\/www.voelkel-incoming.de\/en\/wp-json\/wp\/v2\/pages\/3051\/revisions\/3179"}],"up":[{"embeddable":true,"href":"https:\/\/www.voelkel-incoming.de\/en\/wp-json\/wp\/v2\/pages\/3049"}],"wp:attachment":[{"href":"https:\/\/www.voelkel-incoming.de\/en\/wp-json\/wp\/v2\/media?parent=3051"}],"curies":[{"name":"wp","href":"https:\/\/api.w.org\/{rel}","templated":true}]}}