{"id":3055,"date":"2021-11-16T17:07:44","date_gmt":"2021-11-16T15:07:44","guid":{"rendered":"https:\/\/www.voelkel-incoming.de\/individual-travel\/boat-trips-river-cruises\/"},"modified":"2021-11-24T12:33:19","modified_gmt":"2021-11-24T10:33:19","slug":"ship-trips-river-cruises","status":"publish","type":"page","link":"https:\/\/www.voelkel-incoming.de\/en\/individual-travel\/ship-trips-river-cruises\/","title":{"rendered":"Ship trips &#038; river cruises"},"content":{"rendered":"<h2>&#8230;.. die wohl sch\u00f6nste Art zu reisen, die bequemste auf jeden Fall.<\/h2>\n<p>Viele Reiseziele ansteuern, aber nur einmal Koffer packen!<\/p>\n<p>W\u00e4hrend Ihr Schiff von Hafen zu Hafen \u00fcber die Meere gleitet, k\u00f6nnen Sie himmlisch schlafen. Schiffe verzaubern, sind gleichzeitig h\u00f6chst praktisch, ein durchg\u00e4ngig fahrendes Hotel mit Restaurant, Entertainment, Sport- und Wellness und Erholung auf See, Studien- und Gesellschaftsreise &#8211; und ideal f\u00fcr Singles. Siehe auch unsere Reiseberichte unter &#8220;<a href=\"https:\/\/www.voelkel-incoming.de\/inspirationen-impressionen\/exotische-reiseziele\/\" target=\"_blank\" rel=\"noopener\">Inspirationen\/Impressionen<\/a>&#8220;.<\/p>\n<p>Unsere Vorliebe gilt den kleinen feinen Schiffen. Sie gelangen in die abgelegenen H\u00e4fen, die exklusiv kleineren Schiffen vorbehalten sind. Fragen Sie uns nach Angeboten mit ausgefallenen Routen und zu besonders reizvollen Zielen, h\u00e4ufig auch mit Themenbezug zu Kulinarik, Golf, Musik, Expedition.<\/p>\n","protected":false},"excerpt":{"rendered":"<p>&#8230;.. die wohl sch\u00f6nste Art zu reisen, die bequemste auf jeden Fall. Viele Reiseziele ansteuern, aber nur einmal Koffer packen! W\u00e4hrend Ihr Schiff von Hafen zu Hafen \u00fcber die Meere gleitet, k\u00f6nnen Sie himmlisch schlafen. Schiffe verzaubern, sind gleichzeitig h\u00f6chst praktisch, ein durchg\u00e4ngig fahrendes Hotel mit Restaurant, Entertainment, Sport- und Wellness und Erholung auf See, [&hellip;]<\/p>\n","protected":false},"author":9,"featured_media":0,"parent":3049,"menu_order":0,"comment_status":"closed","ping_status":"closed","template":"","meta":{"inline_featured_image":false},"yoast_head":"<!-- This site is optimized with the Yoast SEO plugin v19.5.1 - https:\/\/yoast.com\/wordpress\/plugins\/seo\/ -->\n<title>Ship trips &amp; river cruises - V\u00d6LKEL INCOMING<\/title>\n<meta name=\"robots\" content=\"index, follow, max-snippet:-1, max-image-preview:large, max-video-preview:-1\" \/>\n<link rel=\"canonical\" href=\"https:\/\/www.voelkel-incoming.de\/en\/individual-travel\/ship-trips-river-cruises\/\" \/>\n<meta property=\"og:locale\" content=\"en_US\" \/>\n<meta property=\"og:type\" content=\"article\" \/>\n<meta property=\"og:title\" content=\"Ship trips &amp; river cruises - V\u00d6LKEL INCOMING\" \/>\n<meta property=\"og:description\" content=\"&#8230;.. die wohl sch\u00f6nste Art zu reisen, die bequemste auf jeden Fall. Viele Reiseziele ansteuern, aber nur einmal Koffer packen! W\u00e4hrend Ihr Schiff von Hafen zu Hafen \u00fcber die Meere gleitet, k\u00f6nnen Sie himmlisch schlafen. Schiffe verzaubern, sind gleichzeitig h\u00f6chst praktisch, ein durchg\u00e4ngig fahrendes Hotel mit Restaurant, Entertainment, Sport- und Wellness und Erholung auf See, [&hellip;]\" \/>\n<meta property=\"og:url\" content=\"https:\/\/www.voelkel-incoming.de\/en\/individual-travel\/ship-trips-river-cruises\/\" \/>\n<meta property=\"og:site_name\" content=\"V\u00d6LKEL INCOMING\" \/>\n<meta property=\"article:modified_time\" content=\"2021-11-24T10:33:19+00:00\" \/>\n<meta name=\"twitter:card\" content=\"summary_large_image\" \/>\n<meta name=\"twitter:label1\" content=\"Est. reading time\" \/>\n\t<meta name=\"twitter:data1\" content=\"1 minute\" \/>\n<script type=\"application\/ld+json\" class=\"yoast-schema-graph\">{\"@context\":\"https:\/\/schema.org\",\"@graph\":[{\"@type\":\"WebPage\",\"@id\":\"https:\/\/www.voelkel-incoming.de\/en\/individual-travel\/ship-trips-river-cruises\/\",\"url\":\"https:\/\/www.voelkel-incoming.de\/en\/individual-travel\/ship-trips-river-cruises\/\",\"name\":\"Ship trips & river cruises - V\u00d6LKEL INCOMING\",\"isPartOf\":{\"@id\":\"https:\/\/www.voelkel-incoming.de\/#website\"},\"datePublished\":\"2021-11-16T15:07:44+00:00\",\"dateModified\":\"2021-11-24T10:33:19+00:00\",\"breadcrumb\":{\"@id\":\"https:\/\/www.voelkel-incoming.de\/en\/individual-travel\/ship-trips-river-cruises\/#breadcrumb\"},\"inLanguage\":\"en-US\",\"potentialAction\":[{\"@type\":\"ReadAction\",\"target\":[\"https:\/\/www.voelkel-incoming.de\/en\/individual-travel\/ship-trips-river-cruises\/\"]}]},{\"@type\":\"BreadcrumbList\",\"@id\":\"https:\/\/www.voelkel-incoming.de\/en\/individual-travel\/ship-trips-river-cruises\/#breadcrumb\",\"itemListElement\":[{\"@type\":\"ListItem\",\"position\":1,\"name\":\"Startseite\",\"item\":\"https:\/\/www.voelkel-incoming.de\/en\/\"},{\"@type\":\"ListItem\",\"position\":2,\"name\":\"IndividualTravel\",\"item\":\"https:\/\/www.voelkel-incoming.de\/en\/individual-travel\/\"},{\"@type\":\"ListItem\",\"position\":3,\"name\":\"Ship trips &#038; river cruises\"}]},{\"@type\":\"WebSite\",\"@id\":\"https:\/\/www.voelkel-incoming.de\/#website\",\"url\":\"https:\/\/www.voelkel-incoming.de\/\",\"name\":\"V\u00d6LKEL INCOMING\",\"description\":\"Travel &amp; Destination Management\",\"potentialAction\":[{\"@type\":\"SearchAction\",\"target\":{\"@type\":\"EntryPoint\",\"urlTemplate\":\"https:\/\/www.voelkel-incoming.de\/?s={search_term_string}\"},\"query-input\":\"required name=search_term_string\"}],\"inLanguage\":\"en-US\"}]}<\/script>\n<!-- \/ Yoast SEO plugin. -->","yoast_head_json":{"title":"Ship trips & river cruises - V\u00d6LKEL INCOMING","robots":{"index":"index","follow":"follow","max-snippet":"max-snippet:-1","max-image-preview":"max-image-preview:large","max-video-preview":"max-video-preview:-1"},"canonical":"https:\/\/www.voelkel-incoming.de\/en\/individual-travel\/ship-trips-river-cruises\/","og_locale":"en_US","og_type":"article","og_title":"Ship trips & river cruises - V\u00d6LKEL INCOMING","og_description":"&#8230;.. die wohl sch\u00f6nste Art zu reisen, die bequemste auf jeden Fall. Viele Reiseziele ansteuern, aber nur einmal Koffer packen! W\u00e4hrend Ihr Schiff von Hafen zu Hafen \u00fcber die Meere gleitet, k\u00f6nnen Sie himmlisch schlafen. Schiffe verzaubern, sind gleichzeitig h\u00f6chst praktisch, ein durchg\u00e4ngig fahrendes Hotel mit Restaurant, Entertainment, Sport- und Wellness und Erholung auf See, [&hellip;]","og_url":"https:\/\/www.voelkel-incoming.de\/en\/individual-travel\/ship-trips-river-cruises\/","og_site_name":"V\u00d6LKEL INCOMING","article_modified_time":"2021-11-24T10:33:19+00:00","twitter_card":"summary_large_image","twitter_misc":{"Est. reading time":"1 minute"},"schema":{"@context":"https:\/\/schema.org","@graph":[{"@type":"WebPage","@id":"https:\/\/www.voelkel-incoming.de\/en\/individual-travel\/ship-trips-river-cruises\/","url":"https:\/\/www.voelkel-incoming.de\/en\/individual-travel\/ship-trips-river-cruises\/","name":"Ship trips & river cruises - V\u00d6LKEL INCOMING","isPartOf":{"@id":"https:\/\/www.voelkel-incoming.de\/#website"},"datePublished":"2021-11-16T15:07:44+00:00","dateModified":"2021-11-24T10:33:19+00:00","breadcrumb":{"@id":"https:\/\/www.voelkel-incoming.de\/en\/individual-travel\/ship-trips-river-cruises\/#breadcrumb"},"inLanguage":"en-US","potentialAction":[{"@type":"ReadAction","target":["https:\/\/www.voelkel-incoming.de\/en\/individual-travel\/ship-trips-river-cruises\/"]}]},{"@type":"BreadcrumbList","@id":"https:\/\/www.voelkel-incoming.de\/en\/individual-travel\/ship-trips-river-cruises\/#breadcrumb","itemListElement":[{"@type":"ListItem","position":1,"name":"Startseite","item":"https:\/\/www.voelkel-incoming.de\/en\/"},{"@type":"ListItem","position":2,"name":"IndividualTravel","item":"https:\/\/www.voelkel-incoming.de\/en\/individual-travel\/"},{"@type":"ListItem","position":3,"name":"Ship trips &#038; river cruises"}]},{"@type":"WebSite","@id":"https:\/\/www.voelkel-incoming.de\/#website","url":"https:\/\/www.voelkel-incoming.de\/","name":"V\u00d6LKEL INCOMING","description":"Travel &amp; Destination Management","potentialAction":[{"@type":"SearchAction","target":{"@type":"EntryPoint","urlTemplate":"https:\/\/www.voelkel-incoming.de\/?s={search_term_string}"},"query-input":"required name=search_term_string"}],"inLanguage":"en-US"}]}},"_links":{"self":[{"href":"https:\/\/www.voelkel-incoming.de\/en\/wp-json\/wp\/v2\/pages\/3055"}],"collection":[{"href":"https:\/\/www.voelkel-incoming.de\/en\/wp-json\/wp\/v2\/pages"}],"about":[{"href":"https:\/\/www.voelkel-incoming.de\/en\/wp-json\/wp\/v2\/types\/page"}],"author":[{"embeddable":true,"href":"https:\/\/www.voelkel-incoming.de\/en\/wp-json\/wp\/v2\/users\/9"}],"replies":[{"embeddable":true,"href":"https:\/\/www.voelkel-incoming.de\/en\/wp-json\/wp\/v2\/comments?post=3055"}],"version-history":[{"count":1,"href":"https:\/\/www.voelkel-incoming.de\/en\/wp-json\/wp\/v2\/pages\/3055\/revisions"}],"predecessor-version":[{"id":3175,"href":"https:\/\/www.voelkel-incoming.de\/en\/wp-json\/wp\/v2\/pages\/3055\/revisions\/3175"}],"up":[{"embeddable":true,"href":"https:\/\/www.voelkel-incoming.de\/en\/wp-json\/wp\/v2\/pages\/3049"}],"wp:attachment":[{"href":"https:\/\/www.voelkel-incoming.de\/en\/wp-json\/wp\/v2\/media?parent=3055"}],"curies":[{"name":"wp","href":"https:\/\/api.w.org\/{rel}","templated":true}]}}