{"id":3062,"date":"2021-11-16T17:20:35","date_gmt":"2021-11-16T15:20:35","guid":{"rendered":"https:\/\/www.voelkel-incoming.de\/inspirations-impressions\/"},"modified":"2021-11-16T17:20:35","modified_gmt":"2021-11-16T15:20:35","slug":"inspirations-impressions","status":"publish","type":"page","link":"https:\/\/www.voelkel-incoming.de\/en\/inspirations-impressions\/","title":{"rendered":"Inspirations \/ Impressions"},"content":{"rendered":"<p>&#8220;Es mag in der Phase der Covid-19-Pandemie weltweit eine R\u00fcckbesinnung auf den sogenannten SlowTravel geben. En vogue sind \u00fcbergangsweise auch Self-Drive und Touring. Camping und B &amp; B\u2019s werden ein Revival erleben. Und schlie\u00dflich sind Logis-Angebote im Apartment-Style oder Longstay-Angebote mit vollem Service gerade von reisefreudigen Senioren gefragt&#8221; zitieren wir hier Michel Rochat, CEO der ber\u00fchmten Schweizer Hotelfachschule Lausanne.<\/p>\n<p>Aber eines Tages werden Sie alle wieder eine Sehnsucht nach fernen, unbekannten, kaum entdeckten L\u00e4ndern, nie getroffenen Menschen in sich sp\u00fcren, denn Reisen ist eine Grundsehnsucht moderner Menschen.<\/p>\n<p>Es ist der Traum vom Reisen, der die Menschen in dieser Zeit nicht verlassen hat. Der Tourismus wird wieder erwachen. Und mit der Vorstellung verschlafener, spezieller Reiseziele erinnern wir Sie hier und heute schon daran. Einfach mal schauen, lauschen, tr\u00e4umen.<\/p>\n<p>&nbsp;<\/p>\n","protected":false},"excerpt":{"rendered":"<p>&#8220;Es mag in der Phase der Covid-19-Pandemie weltweit eine R\u00fcckbesinnung auf den sogenannten SlowTravel geben. En vogue sind \u00fcbergangsweise auch Self-Drive und Touring. Camping und B &amp; B\u2019s werden ein Revival erleben. Und schlie\u00dflich sind Logis-Angebote im Apartment-Style oder Longstay-Angebote mit vollem Service gerade von reisefreudigen Senioren gefragt&#8221; zitieren wir hier Michel Rochat, CEO der [&hellip;]<\/p>\n","protected":false},"author":9,"featured_media":0,"parent":0,"menu_order":80,"comment_status":"closed","ping_status":"closed","template":"","meta":{"inline_featured_image":false},"yoast_head":"<!-- This site is optimized with the Yoast SEO plugin v19.5.1 - https:\/\/yoast.com\/wordpress\/plugins\/seo\/ -->\n<title>Inspirations \/ Impressions - V\u00d6LKEL INCOMING<\/title>\n<meta name=\"robots\" content=\"index, follow, max-snippet:-1, max-image-preview:large, max-video-preview:-1\" \/>\n<link rel=\"canonical\" href=\"https:\/\/www.voelkel-incoming.de\/en\/inspirations-impressions\/\" \/>\n<meta property=\"og:locale\" content=\"en_US\" \/>\n<meta property=\"og:type\" content=\"article\" \/>\n<meta property=\"og:title\" content=\"Inspirations \/ Impressions - V\u00d6LKEL INCOMING\" \/>\n<meta property=\"og:description\" content=\"&#8220;Es mag in der Phase der Covid-19-Pandemie weltweit eine R\u00fcckbesinnung auf den sogenannten SlowTravel geben. En vogue sind \u00fcbergangsweise auch Self-Drive und Touring. Camping und B &amp; B\u2019s werden ein Revival erleben. Und schlie\u00dflich sind Logis-Angebote im Apartment-Style oder Longstay-Angebote mit vollem Service gerade von reisefreudigen Senioren gefragt&#8221; zitieren wir hier Michel Rochat, CEO der [&hellip;]\" \/>\n<meta property=\"og:url\" content=\"https:\/\/www.voelkel-incoming.de\/en\/inspirations-impressions\/\" \/>\n<meta property=\"og:site_name\" content=\"V\u00d6LKEL INCOMING\" \/>\n<meta name=\"twitter:card\" content=\"summary_large_image\" \/>\n<meta name=\"twitter:label1\" content=\"Est. reading time\" \/>\n\t<meta name=\"twitter:data1\" content=\"1 minute\" \/>\n<script type=\"application\/ld+json\" class=\"yoast-schema-graph\">{\"@context\":\"https:\/\/schema.org\",\"@graph\":[{\"@type\":\"WebPage\",\"@id\":\"https:\/\/www.voelkel-incoming.de\/en\/inspirations-impressions\/\",\"url\":\"https:\/\/www.voelkel-incoming.de\/en\/inspirations-impressions\/\",\"name\":\"Inspirations \/ Impressions - V\u00d6LKEL INCOMING\",\"isPartOf\":{\"@id\":\"https:\/\/www.voelkel-incoming.de\/#website\"},\"datePublished\":\"2021-11-16T15:20:35+00:00\",\"dateModified\":\"2021-11-16T15:20:35+00:00\",\"breadcrumb\":{\"@id\":\"https:\/\/www.voelkel-incoming.de\/en\/inspirations-impressions\/#breadcrumb\"},\"inLanguage\":\"en-US\",\"potentialAction\":[{\"@type\":\"ReadAction\",\"target\":[\"https:\/\/www.voelkel-incoming.de\/en\/inspirations-impressions\/\"]}]},{\"@type\":\"BreadcrumbList\",\"@id\":\"https:\/\/www.voelkel-incoming.de\/en\/inspirations-impressions\/#breadcrumb\",\"itemListElement\":[{\"@type\":\"ListItem\",\"position\":1,\"name\":\"Startseite\",\"item\":\"https:\/\/www.voelkel-incoming.de\/en\/\"},{\"@type\":\"ListItem\",\"position\":2,\"name\":\"Inspirations \/ Impressions\"}]},{\"@type\":\"WebSite\",\"@id\":\"https:\/\/www.voelkel-incoming.de\/#website\",\"url\":\"https:\/\/www.voelkel-incoming.de\/\",\"name\":\"V\u00d6LKEL INCOMING\",\"description\":\"Travel &amp; Destination Management\",\"potentialAction\":[{\"@type\":\"SearchAction\",\"target\":{\"@type\":\"EntryPoint\",\"urlTemplate\":\"https:\/\/www.voelkel-incoming.de\/?s={search_term_string}\"},\"query-input\":\"required name=search_term_string\"}],\"inLanguage\":\"en-US\"}]}<\/script>\n<!-- \/ Yoast SEO plugin. -->","yoast_head_json":{"title":"Inspirations \/ Impressions - V\u00d6LKEL INCOMING","robots":{"index":"index","follow":"follow","max-snippet":"max-snippet:-1","max-image-preview":"max-image-preview:large","max-video-preview":"max-video-preview:-1"},"canonical":"https:\/\/www.voelkel-incoming.de\/en\/inspirations-impressions\/","og_locale":"en_US","og_type":"article","og_title":"Inspirations \/ Impressions - V\u00d6LKEL INCOMING","og_description":"&#8220;Es mag in der Phase der Covid-19-Pandemie weltweit eine R\u00fcckbesinnung auf den sogenannten SlowTravel geben. En vogue sind \u00fcbergangsweise auch Self-Drive und Touring. Camping und B &amp; B\u2019s werden ein Revival erleben. Und schlie\u00dflich sind Logis-Angebote im Apartment-Style oder Longstay-Angebote mit vollem Service gerade von reisefreudigen Senioren gefragt&#8221; zitieren wir hier Michel Rochat, CEO der [&hellip;]","og_url":"https:\/\/www.voelkel-incoming.de\/en\/inspirations-impressions\/","og_site_name":"V\u00d6LKEL INCOMING","twitter_card":"summary_large_image","twitter_misc":{"Est. reading time":"1 minute"},"schema":{"@context":"https:\/\/schema.org","@graph":[{"@type":"WebPage","@id":"https:\/\/www.voelkel-incoming.de\/en\/inspirations-impressions\/","url":"https:\/\/www.voelkel-incoming.de\/en\/inspirations-impressions\/","name":"Inspirations \/ Impressions - V\u00d6LKEL INCOMING","isPartOf":{"@id":"https:\/\/www.voelkel-incoming.de\/#website"},"datePublished":"2021-11-16T15:20:35+00:00","dateModified":"2021-11-16T15:20:35+00:00","breadcrumb":{"@id":"https:\/\/www.voelkel-incoming.de\/en\/inspirations-impressions\/#breadcrumb"},"inLanguage":"en-US","potentialAction":[{"@type":"ReadAction","target":["https:\/\/www.voelkel-incoming.de\/en\/inspirations-impressions\/"]}]},{"@type":"BreadcrumbList","@id":"https:\/\/www.voelkel-incoming.de\/en\/inspirations-impressions\/#breadcrumb","itemListElement":[{"@type":"ListItem","position":1,"name":"Startseite","item":"https:\/\/www.voelkel-incoming.de\/en\/"},{"@type":"ListItem","position":2,"name":"Inspirations \/ Impressions"}]},{"@type":"WebSite","@id":"https:\/\/www.voelkel-incoming.de\/#website","url":"https:\/\/www.voelkel-incoming.de\/","name":"V\u00d6LKEL INCOMING","description":"Travel &amp; Destination Management","potentialAction":[{"@type":"SearchAction","target":{"@type":"EntryPoint","urlTemplate":"https:\/\/www.voelkel-incoming.de\/?s={search_term_string}"},"query-input":"required name=search_term_string"}],"inLanguage":"en-US"}]}},"_links":{"self":[{"href":"https:\/\/www.voelkel-incoming.de\/en\/wp-json\/wp\/v2\/pages\/3062"}],"collection":[{"href":"https:\/\/www.voelkel-incoming.de\/en\/wp-json\/wp\/v2\/pages"}],"about":[{"href":"https:\/\/www.voelkel-incoming.de\/en\/wp-json\/wp\/v2\/types\/page"}],"author":[{"embeddable":true,"href":"https:\/\/www.voelkel-incoming.de\/en\/wp-json\/wp\/v2\/users\/9"}],"replies":[{"embeddable":true,"href":"https:\/\/www.voelkel-incoming.de\/en\/wp-json\/wp\/v2\/comments?post=3062"}],"version-history":[{"count":0,"href":"https:\/\/www.voelkel-incoming.de\/en\/wp-json\/wp\/v2\/pages\/3062\/revisions"}],"wp:attachment":[{"href":"https:\/\/www.voelkel-incoming.de\/en\/wp-json\/wp\/v2\/media?parent=3062"}],"curies":[{"name":"wp","href":"https:\/\/api.w.org\/{rel}","templated":true}]}}